{"id":57,"date":"2014-11-28T12:18:10","date_gmt":"2014-11-28T11:18:10","guid":{"rendered":"https:\/\/www.dr-randoll-institut.de\/?page_id=57"},"modified":"2026-03-19T16:26:36","modified_gmt":"2026-03-19T15:26:36","slug":"veranstaltungen","status":"publish","type":"page","link":"https:\/\/www.dr-randoll-institut.de\/en\/veranstaltungen\/","title":{"rendered":"Events"},"content":{"rendered":"<p><a href=\"https:\/\/www.dr-randoll-institut.de\/veranstaltungen\/audience-in-the-lecture-hall\/\" rel=\"attachment wp-att-557\"><img loading=\"lazy\" decoding=\"async\" class=\"alignnone wp-image-712\" src=\"https:\/\/www.dr-randoll-institut.de\/wp-content\/uploads\/Veranstaltung.jpg\" alt=\"Veranstaltung\" width=\"726\" height=\"483\" srcset=\"https:\/\/www.dr-randoll-institut.de\/wp-content\/uploads\/Veranstaltung.jpg 800w, https:\/\/www.dr-randoll-institut.de\/wp-content\/uploads\/Veranstaltung-100x67.jpg 100w, https:\/\/www.dr-randoll-institut.de\/wp-content\/uploads\/Veranstaltung-240x160.jpg 240w\" sizes=\"auto, (max-width: 726px) 100vw, 726px\" \/><\/a><\/p>\n<p>In addition to <a href=\"https:\/\/www.dr-randoll-institut.de\/en\/matrix-lehre\/qualifizierung-und-fortbildung\/\">training courses and workshops<\/a> you can learn more about the Matrix Concept at the following events:<\/p>\n<p><strong>Academic Events 2022:<\/strong><\/p>\n<ul>\n<li><a href=\"https:\/\/www.stanton-kongress.de\/\" target=\"_blank\" rel=\"noopener\">41. international symposium for oral, maxillofacial and facial surgeons, dentists and orthodontists<\/a>, 05. &#8211; 11. February 2022, St. Anton on the Arlberg in switzerland &#8211; <a href=\"https:\/\/www.stanton-kongress.de\/wp-content\/uploads\/2021\/11\/Programm_St_Anton_2022_web.pdf\" target=\"_blank\" rel=\"noopener\">Program<\/a><\/li>\n<li><a href=\"https:\/\/ewma.org\/ewma-conferences\/2022\/scientific\/guest-sessions-and-other\/e-poster-and-paper-posters\" target=\"_blank\" rel=\"noreferrer noopener\">EWMA (European Wound Management Association) Conference 2022<\/a>, 23-25 May 2022, Paris, Three E-Poster Presentations: 1. The healing effect of Matrix Rhythm Therapy on chronic <strong>lec ulcers:<\/strong> Case series form a single institution &#8211; Harish Kumar (Thuesday, 24th May, 12:30-13:30 CEST; Screen 2); 2. The effect of Matrix Rhythm Therapy on wound healing: A collection of six cases with chronic leg ulcers &#8211; \u00d6zlem Hammond, (Thuesday, 24th May; 12:30-13:30 CEST, Screen 2); 3. A case study: Complete healing of <strong>a chronic vascular wound-post-gangrene amputation, skin grafting<\/strong> &#8211; Utilizing Matrix Rhythm Therapy &#8211; a non-invasive mechano-magnetical approach &#8211; Ulrich Randoll (Thuesday, 24th May, 9:45-11:00, Screen 2)<\/li>\n<li><a href=\"https:\/\/www.gsaam-konferenz.de\/index.php\" target=\"_blank\" rel=\"noopener\">22nd GSAAM Conference: Anti-Aging and Preventive Medicine State of the Art 2022<\/a>, 14-15 May 2022, Digital Conference, Lecture Dr Ulrich Randoll: 15 May 2022, <strong>The extracellular matrix as a target of preventive medicine in orthopaedics<\/strong><\/li>\n<\/ul>\n<p><strong>Academic Events 2021:<\/strong><\/p>\n<ul>\n<li><a href=\"http:\/\/iches.idu.edu.tr\/\" target=\"_blank\" rel=\"noreferrer noopener\" data-type=\"URL\" data-id=\"http:\/\/iches.idu.edu.tr\/\" data-rich-text-format-boundary=\"true\">Izmir Demokrasi University International Congress of Health Science (ICHES-IDU 2021)<\/a>, from november 12 -13 2021, at Demokrasi University in Izmir, main theme is the protection and maintenance of health, Lecture Dr. med. Ulrich Randoll: 12. November 2021, 10:15; <b>Matrix Rhythm Therapy in protection and maintenance of health &#8211; <\/b><a href=\"http:\/\/iches.idu.edu.tr\/wp-content\/uploads\/2021\/11\/ICHES-bilimsel-program-Ingilizce-5.11.2021.pdf\" target=\"_blank\" rel=\"noreferrer noopener\" data-type=\"URL\" data-id=\"http:\/\/iches.idu.edu.tr\/wp-content\/uploads\/2021\/11\/ICHES-bilimsel-program-Ingilizce-5.11.2021.pdf\">Scientific Program (PDF)<\/a><\/li>\n<li>Save the Date: <a href=\"https:\/\/www.dr-randoll-institut.de\/wp-content\/uploads\/DRI-Matrix-Workshop-Ischia-2021-web.pdf\" target=\"_blank\" rel=\"noopener\">Matrix Workshop 2021 Ischia<\/a>, Italy (from September 26, 2021 to October 1, 2021)<\/li>\n<\/ul>\n<p><strong>Academic Events 2020:<\/strong><\/p>\n<ul>\n<li><a href=\"https:\/\/www.dr-randoll-institut.de\/wp-content\/uploads\/Krebskongress_Programm_Neu_gimmi_Akademie.pdf\" target=\"_blank\" rel=\"noopener noreferrer\">10. Kongress f\u00fcr komplement\u00e4re Krebstherapie (Kongressprogramm),<\/a> Complementary Cancer Care: 17.-18. Oktober 2020, Holiday Inn, M\u00fcnchen-Unterhaching, Lecture Dr. med. Ulrich Randoll: 18. Oktober 2020, 15:40; How synchronization of muscular rhythms eliminates pain, restores mobility and heals wounds<\/li>\n<li><a href=\"https:\/\/www.dr-randoll-institut.de\/wp-content\/uploads\/3_Interdisziplinaeres_Seminar_Breul_Randoll.pdf\" target=\"_blank\" rel=\"noopener noreferrer\">3. Interdisziplin\u00e4res Seminar zur Anatomie des Beckeng\u00fcrtels und der unteren Extremit\u00e4t,<\/a> (Anatomy of the pelvic girdle and lower extremity) 12- 13. September 2020, Anatomische Anstalt der LMU M\u00fcnchen, Veranstalter: Prof. Dr. rer. nat. med. habil. Rainer Breul, Dozenten: Prof. Breul und Dr. med Ulrich Randoll<\/li>\n<li>1st National Webference of The Indian Association of Physiotherapists, Keynot on World Physiotherapy Day,\u00a0<strong><a href=\"https:\/\/youtu.be\/B_wjCcJtSYU\">The Matrix Concept, Immune System &amp; Matrix Rhythm Therapy<\/a>,\u00a0<\/strong>08. September 2020, Dr. Ulrich G. Randoll<\/li>\n<\/ul>\n<p><a href=\"https:\/\/youtu.be\/B_wjCcJtSYU\"><img loading=\"lazy\" decoding=\"async\" class=\"wp-image-2538 alignright\" src=\"https:\/\/www.dr-randoll-institut.de\/wp-content\/uploads\/DrRandoll-Matrix-Rhythm-Therapy.jpg\" alt=\"\" width=\"1201\" height=\"680\" srcset=\"https:\/\/www.dr-randoll-institut.de\/wp-content\/uploads\/DrRandoll-Matrix-Rhythm-Therapy.jpg 1275w, https:\/\/www.dr-randoll-institut.de\/wp-content\/uploads\/DrRandoll-Matrix-Rhythm-Therapy-240x136.jpg 240w, https:\/\/www.dr-randoll-institut.de\/wp-content\/uploads\/DrRandoll-Matrix-Rhythm-Therapy-1024x580.jpg 1024w, https:\/\/www.dr-randoll-institut.de\/wp-content\/uploads\/DrRandoll-Matrix-Rhythm-Therapy-100x57.jpg 100w, https:\/\/www.dr-randoll-institut.de\/wp-content\/uploads\/DrRandoll-Matrix-Rhythm-Therapy-768x435.jpg 768w\" sizes=\"auto, (max-width: 1201px) 100vw, 1201px\" \/><\/a><\/p>\n<ul>\n<li>International Webinar on <strong>Understanding Pain &amp; Restricted Mobility According to Matrix Concept,<\/strong> DPU Dr. D.Y. Patil College of Physiotherapy, <a href=\"https:\/\/www.dr-randoll-institut.de\/wp-content\/uploads\/Understanding_Pain_restricted-mobility2020.pdf\" target=\"_blank\" rel=\"noopener noreferrer\">Pune, 5th August 2020, Speaker: Dr. Ulrich Randoll<\/a>, watch live on: <a href=\"https:\/\/dpu.edu.in\/live\/\" target=\"_blank\" rel=\"noopener noreferrer\">www.dpu.edu.in\/live<\/a><\/li>\n<li>Posterpr\u00e4sentation: <strong>Systemic sclerosis \u2013 a polysegmental reflex dystrophy \u2013 treated by Matrix Rhythm Therapy. Case report seven years after diagnosis.<\/strong> <a href=\"http:\/\/worldsclerofound.org\/systemic-sclerosis-world-congress\/\" target=\"_blank\" rel=\"noopener noreferrer\">6th Systemic Sclerosis World Congress <\/a>July 12-14, 2020, Dr. Ulrich G. Randoll<\/li>\n<li><a href=\"http:\/\/iches2020.idu.edu.tr\/index.php\/invited-speakers\/\" target=\"_blank\" rel=\"noopener noreferrer\">ICHES-IDU 2020, International Congress of Health Sciences, Izmir Demokrasi University, June 20-21, 2020,<\/a> Speaker: Dr. Ulrich Randoll, <a href=\"http:\/\/iches2020.idu.edu.tr\/index.php\/bilimsel-program\/\" target=\"_blank\" rel=\"noopener noreferrer\">Scientific Programm<\/a><\/li>\n<li>3. Internationaler Kongress Magnet Therapy and Frequency Medicine, 20.-22.03.2020, Izmir, Turkey, Universit\u00e4t Dokuz Eyl\u00fcl in cooperation with the Association for Applied Energy Medicine<\/li>\n<\/ul>\n<p><strong>Academic Events 2019:<\/strong><\/p>\n<ul>\n<li><a href=\"https:\/\/www.therapyexpo.co.uk\/2019-conference-programme\" target=\"_blank\" rel=\"noopener noreferrer\">Therapy Expo &#8211; Conference 2019,<\/a> NEC Birmingham\/England, <strong>Preparation of skeletal muscles for the training using Matrix Rhythm Therapy<\/strong>, Speaker: Dr. Ulrich Randoll, 27. November 2019, 09:55-10:25<\/li>\n<li><a href=\"https:\/\/www.neuropathic-pain2019.com\/\" target=\"_blank\" rel=\"noopener noreferrer\">Neuropathic Pain2019<\/a> &#8211; The International Conference on Controversies in Neuropathic Pain, 23-24 October 2019, Munich, <strong>Poster-Presentation: <a href=\"https:\/\/www.dr-randoll-institut.de\/wp-content\/uploads\/Abstract_FBSS_Matrix-Rhythm-Therapy.pdf\" target=\"_blank\" rel=\"noopener noreferrer\">A Case report of successful treatment of failed back surgery syndrome (FBSS) <\/a><\/strong>using Matrix Rhythm Therapy &#8211; MaRhyThe &#8211; a non-invasive vibrational mechano-magnetical approach, \u00d6zlem Hammond MD PhD<\/li>\n<li><strong>Internationaler Congress Magnetic Therapy and Frequency Medicine<\/strong>, 23.03. and 24.03.2019, Izmir, Turkey, University Dokuz Eyl\u00fcl in cooperation with Society for Applied Energy Medicine, Lecture Dr. Ulrich Randoll, &#8220;Matrix Concept&#8221; (23.03.19), &#8220;Frequency-oriented medicines &#8211; Research activities at Dr Randoll Institute&#8221; (24.03.19), <strong>Basic Seminar Matrix Rhythm Therapy,\u00a0<\/strong>25.03.2019, Izmir, T\u00fcrkei, Dr. Ulrich Randoll, Op. Dr. Mustafa Ersin<\/li>\n<li><strong><a href=\"http:\/\/www.stanton-kongress.de\/#home\">38. International Symposium for Oral- and Maxillofacial Surgery, Dentists and Orthodontists<\/a>,\u00a0<\/strong>10.02.2019, St. Anton, Arlberg, \u00d6sterreich,\u00a0<strong>Dr. Ulrich Randoll\u00a0<\/strong>&#8220;Matrix Rhythm Therapy in dental practice&#8221;<\/li>\n<li><strong>57th IAP annual conference, Bangalore, India,\u00a0<\/strong>02.02.2019,\u00a0<strong>Dr. Ulrich Randoll\u00a0<\/strong><a href=\"http:\/\/www.57thiapconbangalore.com\/sessions-scientific\/sessions-scientific-schedule\/?fbclid=IwAR2Fz8JmlQdH_nPZ-aJxdqdXPmTsxhoJQFX2SSPKtdKzB0BVcMgvMhgdM9k\">&#8220;Preparation of Skeletar Muscles for the training using Matrix Rhythm Therapy&#8221;<\/a><\/li>\n<li><strong>Advanced Workshop on Matrix Rhythm Therapy<\/strong>, 26th and 27th January 2019, Pune, India with\u00a0<strong>Dr. Ulrich Randoll, Dr. Sandeep Bhagwat, Dr. Aarti Prasad, Dr. Meenakshi Pandit, Dr. Varun Naik a.o.<\/strong><\/li>\n<li><strong>Hands-on-Workhop Matrix Rhythm Therapy,\u00a0<\/strong>22nd and 23rd January 2019, Belgavi, India, KLEU Academy of Higher Education and Research, KAHER Institute of Physiotherapy,\u00a0<strong>Dr. Ulrich Randoll, Dr. Prabhakar, Dr. Basavaraj Motimath, Dr. Varun Naik, Dr. Prashant Naik, Dr. Meenakshi Altre Pandit<\/strong><\/li>\n<\/ul>\n<p><strong>Academic Events 2018:<\/strong><\/p>\n<ul>\n<li>Lecture: Perioperative management of tetraplegic and paraplegic patients, <a href=\"https:\/\/www.ismiss2018.org\/ismiss-meeting\/\" target=\"_blank\" rel=\"noopener noreferrer\">ISMISS 2018<\/a> &#8211; International 36th Course for Percutaneous Endoscopic Spinal Surgery and Complementary Minimal Invasive Techniques, Zweibr\u00fccken, Germany, 07.-08. September 2018 <a href=\"https:\/\/www.dr-randoll-institut.de\/wp-content\/uploads\/PRELIMINARY-PROGRAM_ISMISS_2018.pdf\" target=\"_blank\" rel=\"noopener noreferrer\">(Programm ISMISS 2018, PDF)<\/a><\/li>\n<\/ul>\n<ul>\n<li>Kongress and Workshop, Matrix Rhythm Therapy in Neurorehabilitation in Turkey, Scientific Research, Pamukkale University School of Physical Therapy and Rehabilitation, Denizli, Turkey, 01.-06. April 2018<\/li>\n<li>Neurologische Physiotherapie und Rehabilitationskogress (N\u00f6rolojik Fizyoterapie ve Rehabilitasyon Kongresi), Dokuz Eyl\u00fcl Universit\u00e4t, Izmir, Turkey, 29.-31. M\u00e4rz 2018 <a href=\"https:\/\/kongre.norofzt.org\/kongre-programi\/\" target=\"_blank\" rel=\"noopener noreferrer\">(Kongress Programm)<\/a><\/li>\n<\/ul>\n<ul>\n<li>Basic Trainings &amp; Workshops by <a href=\"http:\/\/www.marhythe-systems.de\/en\/einfuehrungsseminare\/humanseminar\" target=\"_blank\" rel=\"noopener noreferrer\">MaRhyThe Systems<\/a><\/li>\n<li>37. Internationales Symposium f\u00fcr MKG-Chirurgen, Oralchirurgen, Zahn\u00e4rzte &amp; Kieferorthop\u00e4den, St. Anton Arlberg, mit vier Beitr\u00e4gen zur Matrix-Rhythmus-Therapie:\n<ul>\n<li style=\"list-style-type: none;\">\n<ul>\n<li>03. Februar 2018 &#8211; Workshop mit Dr. Randoll &#8220;Von der Zahnmedizin zur Medizin und Pr\u00e4vention basierend auf Systembiologie&#8221;<\/li>\n<li>04. Februar 2018 &#8211; Vortrag Dr. med. dent. Thomas Weidenbeck &#8220;Neue Wege in der Periimplantitis-Therapie&#8221;<\/li>\n<li>09. Februar 2018 &#8211; Vortrag Zahn\u00e4rztin Madline Gund &#8220;Matrix-Therapie beim Therapie-refrakt\u00e4ren CMD-Patienten&#8221;<\/li>\n<li>09. Februar 2018 &#8211; Vortrag Dr. Randoll &#8220;Matrix-Rhythmus-Therapie bei mikrozirkulationsbedingten St\u00f6rungen in der ZMKH (z.B. CMD, TMJ). Ein systembiologischer Therapieansatz auf zellul\u00e4rer Ebene&#8221;<\/li>\n<\/ul>\n<\/li>\n<\/ul>\n<p><a href=\"https:\/\/www.dr-randoll-institut.de\/wp-content\/uploads\/StAntonProgramm2018_Beitraege_Matrix-Rhythmus-Therapie_markiert.pdf\" target=\"_blank\" rel=\"noopener noreferrer\">Programm (PDF) &#8211; Beitr\u00e4ge mit Matrix-Rhythmus-Therapie markiert<\/a>\u00a0\/\u00a0<a href=\"http:\/\/www.stanton-kongress.de\/#home\" target=\"_blank\" rel=\"noopener noreferrer\">Kongressinformationen auf der Kongress-Homepage<\/a><\/p>\n<\/li>\n<\/ul>\n<p><strong>Academic Events 2017:<\/strong><\/p>\n<ul>\n<li>Info-Event Curaden Academy, <a href=\"http:\/\/www.curaden-academy.com\/fortbildung\/925\/detail\" target=\"_blank\" rel=\"noopener noreferrer\">Fachvortrag f\u00fcr Zahn\u00e4rzte: Matrix-Rhythmus-Therapie,<\/a> Z\u00fcrich, 28.11.2017 von 18:00 bis 20:00 Uhr<\/li>\n<li><a href=\"http:\/\/www.kraniofaziale-orthopaedie.de\/wordpress\/wp-content\/uploads\/161122_Programm_Anwendertreffen_2017.pdf\" target=\"_blank\" rel=\"noopener noreferrer\">6. Anwendertreffen &#8220;Kraniofaziale Orthop\u00e4die und Orale Medizin&#8221; (Programm),<\/a>\u00a0 24. bis 29. September 2017, Forio &#8211; Ischia, <a href=\"http:\/\/www.kraniofaziale-orthopaedie.de\/wordpress\/?p=1075\" target=\"_blank\" rel=\"noopener noreferrer\">weitere Infos<\/a><\/li>\n<li><a href=\"http:\/\/daegak.de\/fileadmin\/user_upload\/3Seiter_Kongress_2017_donwload.pdf\" target=\"_blank\" rel=\"noopener noreferrer\">D\u00c4GAK-Kongress 2017<\/a> &#8211; Vortrag und Workshop Dr. Randoll: Matrix-Rhythmus-Therapie, Ludwigsburg, 07.10.2017<\/li>\n<li>36. Internationales Symposium f\u00fcr MKG-Chirurgen, Oralchirurgen, Zahn\u00e4rzte &amp; Kieferorthop\u00e4den, Vortrag am 09. Februar 2017,\u00a0St. Anton Arlberg<\/li>\n<li>36. Kongress &#8211; Deutsche Gesellschaft f\u00fcr Akupunktur und Neuraltherapie <a href=\"http:\/\/www.dgfan.de\" target=\"_blank\" rel=\"noopener noreferrer\">DGfAN<\/a>, Vortrag Dr. Randoll, Erfurt, 31. M\u00e4rz 2017 <a href=\"http:\/\/www.dgfan.de\/media\/admin\/public\/pdfs\/kongresse\/36\/36-kongress-erfurt-2017-hauptprogramm.pdf\" target=\"_blank\" rel=\"noopener noreferrer\">(Programm DGfAN 2017)<\/a><\/li>\n<li><a href=\"http:\/\/www.horasis.org\/event_india_2017.php\" target=\"_blank\" rel=\"noopener noreferrer\">Horasis India Meeting<\/a> &#8211; Vortrag Dr. Randoll: &#8220;Health Systems for future societies based on systemic approaches&#8221;, Interlaken\/Schweiz, 24.-28.06. 2017<\/li>\n<\/ul>\n<p>Would you like to invite a speaker from the Institute to give a presentation at your event? We will be happy to advise you: +49 (0) 89 76 75 40 50<\/p>\n\n\n<p><\/p>\n","protected":false},"excerpt":{"rendered":"<p>In addition to training courses and workshops you can learn more about the Matrix Concept at the following events: Academic Events 2022: 41. international symposium for oral, maxillofacial and facial surgeons, dentists and orthodontists, 05. &#8211; 11. February 2022, St. Anton on the Arlberg in switzerland &#8211; Program EWMA (European Wound Management Association) Conference 2022, [&hellip;]<\/p>\n","protected":false},"author":1,"featured_media":0,"parent":0,"menu_order":6,"comment_status":"closed","ping_status":"closed","template":"","meta":{"footnotes":""},"class_list":["post-57","page","type-page","status-publish","hentry"],"translation":{"provider":"WPGlobus","version":"3.0.2","language":"en","enabled_languages":["de","en"],"languages":{"de":{"title":true,"content":true,"excerpt":false},"en":{"title":true,"content":true,"excerpt":false}}},"_links":{"self":[{"href":"https:\/\/www.dr-randoll-institut.de\/en\/wp-json\/wp\/v2\/pages\/57","targetHints":{"allow":["GET"]}}],"collection":[{"href":"https:\/\/www.dr-randoll-institut.de\/en\/wp-json\/wp\/v2\/pages"}],"about":[{"href":"https:\/\/www.dr-randoll-institut.de\/en\/wp-json\/wp\/v2\/types\/page"}],"author":[{"embeddable":true,"href":"https:\/\/www.dr-randoll-institut.de\/en\/wp-json\/wp\/v2\/users\/1"}],"replies":[{"embeddable":true,"href":"https:\/\/www.dr-randoll-institut.de\/en\/wp-json\/wp\/v2\/comments?post=57"}],"version-history":[{"count":118,"href":"https:\/\/www.dr-randoll-institut.de\/en\/wp-json\/wp\/v2\/pages\/57\/revisions"}],"predecessor-version":[{"id":3725,"href":"https:\/\/www.dr-randoll-institut.de\/en\/wp-json\/wp\/v2\/pages\/57\/revisions\/3725"}],"wp:attachment":[{"href":"https:\/\/www.dr-randoll-institut.de\/en\/wp-json\/wp\/v2\/media?parent=57"}],"curies":[{"name":"wp","href":"https:\/\/api.w.org\/{rel}","templated":true}]}}