{"id":45,"date":"2014-11-28T12:14:00","date_gmt":"2014-11-28T11:14:00","guid":{"rendered":"https:\/\/www.dr-randoll-institut.de\/?page_id=45"},"modified":"2021-04-01T21:31:56","modified_gmt":"2021-04-01T19:31:56","slug":"matrix-konzept-in-der-praxis","status":"publish","type":"page","link":"https:\/\/www.dr-randoll-institut.de\/en\/matrix-konzept-in-der-praxis\/","title":{"rendered":"The Matrix Concept in Practice"},"content":{"rendered":"<p>The Matrix Concept was initially developed on the basis of clinically-oriented fundamental research carried out by Dr. Randoll at the University of Erlangen, Germany in the period 1989-1997.<\/p>\n<p><strong>From the standpoint of the Matrix Concept, illnesses arise on the cell biological level, as processes which have become derailed, i.e. have gone \u201coff track\u201d. Matrix Rhythm Therapy aims at restoring the normal physiological conditions above all by improving the basic \u201clogistics\u201d of the cells. This is the precondition for the body\u2019s natural self-organizing and self-healing processes to function effectively, leading back to healthy, symptom-free functioning of the organism. One might call it \u201ccell-biological quality management\u201d.<\/strong><\/p>\n<div id=\"attachment_502\" style=\"width: 234px\" class=\"wp-caption alignright\"><img loading=\"lazy\" decoding=\"async\" aria-describedby=\"caption-attachment-502\" class=\"wp-image-502 size-medium\" src=\"https:\/\/www.dr-randoll-institut.de\/wp-content\/uploads\/3_1-MRTBuch-Prozess-224x240.jpg\" alt=\"Leben besteht aus Prozessen. Selbst Formen und Strukturen sind, solange sie lebendig sind, \u00e4nderbar. Darauf begr\u00fcndet sich die Potenzialit\u00e4t jeder Heilung\" width=\"224\" height=\"240\" srcset=\"https:\/\/www.dr-randoll-institut.de\/wp-content\/uploads\/3_1-MRTBuch-Prozess-224x240.jpg 224w, https:\/\/www.dr-randoll-institut.de\/wp-content\/uploads\/3_1-MRTBuch-Prozess-100x107.jpg 100w, https:\/\/www.dr-randoll-institut.de\/wp-content\/uploads\/3_1-MRTBuch-Prozess.jpg 709w\" sizes=\"auto, (max-width: 224px) 100vw, 224px\" \/><p id=\"caption-attachment-502\" class=\"wp-caption-text\">Life consists of processes. As long as they belong to a living process, all forms and structures can change. This is the basis for the healing potential of any therapy.<\/p><\/div>\n<p>Since 1998 a large number of holistically-thinking medical service providers have been applying the Matrix Concept in daily clinical practice. One of the basic pillars of the Matrix Concept is <a href=\"https:\/\/www.dr-randoll-institut.de\/en\/matrix-konzept-in-der-praxis\/matrix-rhythmus-therapie\/\">Matrix Rhythm Therapy.<\/a> The Matrix Concept is used by therapists in many areas, including doctors, physical therapists, dentists, practitioners of alternative medicine, ergotherapists, medical massage therapists, and even speech therapists.<\/p>\n<p>The experience of individual therapists in their daily practice can be very helpful for other therapists. We promote interdisciplinary exchanges and assist providers of medical services in utilizing holistic therapy concepts. Among other things we do this through documentation of case histories, through <a href=\"https:\/\/www.dr-randoll-institut.de\/en\/matrix-lehre\/qualifizierung-und-fortbildung\/\">workshops<\/a>, and by providing information and therapy recommendations for specific indications.<\/p>\n","protected":false},"excerpt":{"rendered":"<p>The Matrix Concept was initially developed on the basis of clinically-oriented fundamental research carried out by Dr. Randoll at the University of Erlangen, Germany in the period 1989-1997. From the standpoint of the Matrix Concept, illnesses arise on the cell biological level, as processes which have become derailed, i.e. have gone \u201coff track\u201d. Matrix Rhythm [&hellip;]<\/p>\n","protected":false},"author":1,"featured_media":0,"parent":0,"menu_order":4,"comment_status":"closed","ping_status":"closed","template":"","meta":{"footnotes":""},"class_list":["post-45","page","type-page","status-publish","hentry"],"translation":{"provider":"WPGlobus","version":"3.0.2","language":"en","enabled_languages":["de","en"],"languages":{"de":{"title":true,"content":true,"excerpt":false},"en":{"title":true,"content":true,"excerpt":false}}},"_links":{"self":[{"href":"https:\/\/www.dr-randoll-institut.de\/en\/wp-json\/wp\/v2\/pages\/45","targetHints":{"allow":["GET"]}}],"collection":[{"href":"https:\/\/www.dr-randoll-institut.de\/en\/wp-json\/wp\/v2\/pages"}],"about":[{"href":"https:\/\/www.dr-randoll-institut.de\/en\/wp-json\/wp\/v2\/types\/page"}],"author":[{"embeddable":true,"href":"https:\/\/www.dr-randoll-institut.de\/en\/wp-json\/wp\/v2\/users\/1"}],"replies":[{"embeddable":true,"href":"https:\/\/www.dr-randoll-institut.de\/en\/wp-json\/wp\/v2\/comments?post=45"}],"version-history":[{"count":1,"href":"https:\/\/www.dr-randoll-institut.de\/en\/wp-json\/wp\/v2\/pages\/45\/revisions"}],"predecessor-version":[{"id":2588,"href":"https:\/\/www.dr-randoll-institut.de\/en\/wp-json\/wp\/v2\/pages\/45\/revisions\/2588"}],"wp:attachment":[{"href":"https:\/\/www.dr-randoll-institut.de\/en\/wp-json\/wp\/v2\/media?parent=45"}],"curies":[{"name":"wp","href":"https:\/\/api.w.org\/{rel}","templated":true}]}}