{"id":359,"date":"2015-10-15T16:43:47","date_gmt":"2015-10-15T14:43:47","guid":{"rendered":"https:\/\/www.dr-randoll-institut.de\/?page_id=359"},"modified":"2026-03-04T13:59:14","modified_gmt":"2026-03-04T12:59:14","slug":"diplom-und-dissertationsarbeiten","status":"publish","type":"page","link":"https:\/\/www.dr-randoll-institut.de\/en\/diplom-und-dissertationsarbeiten\/","title":{"rendered":"Theses and Dissertations"},"content":{"rendered":"<ul>\n<li>Dissertation (Registrierungsnummer: BH0122001) <a href=\"https:\/\/www.dr-randoll-institut.de\/wp-content\/uploads\/EVALUATING-THE-EFFICACY-OF-MATRIX-RHYTHM-THERAPY.pdf\" target=\"_blank\" rel=\"noopener\">Bewertung der Wirksamkeit der Matrix-Rhythmus-Therapie bei chronischen Unterschenkelgeschw\u00fcren: ein neuartiger Ansatz zur Wundheilung<\/a>; Abteilung f\u00fcr Allgemeinchirurgie, Jawaharlal Nehru Medical College, Kaher, Belagavi, 590010, Karnataka, Juni\/Juli 2026<\/li>\n<li>Friedericke Teichm\u00fcller: <a href=\"https:\/\/www.dr-randoll-institut.de\/wp-content\/uploads\/Welche-Effekte-koennen-durch-die-Matrix-Rhythmus-Therapie\u00ae-im-Rahmen-der-Physiotherapie-bei-Menschen-mit-einer-idiopathischen-Lungenfibrose-IFP-erzielt-werden-Eine-Einzelfallstudie.pdf\" target=\"_blank\" rel=\"noopener\">Welche Effekte k\u00f6nnen durch die Matrix-Rhythmus-Therapie\u00ae im Rahmen der Physiotherapie bei Menschen mit einer idiopathischen Lungenfibrose (IFP) erzielt werden Eine Einzelfallstudie<\/a>, Hochschule Fresenius Frankfurt; 2022<\/li>\n<li>Fr\u00f6tschel Maria: <span dir=\"ltr\">Die Matrix<\/span><span dir=\"ltr\">-Rhythmus<\/span><span dir=\"ltr\">-Therapie nach Randoll als grundlegende <\/span><span dir=\"ltr\">Methode der Physiotherapie und manuellen Medizin, <\/span><a href=\"https:\/\/www.dr-randoll-institut.de\/wp-content\/uploads\/MariaFroetschel-Zusammenfassung-Bachelorthesis_Freigabe.pdf\" target=\"_blank\" rel=\"noopener\"><span dir=\"ltr\">Abstract <\/span><span dir=\"ltr\">der Bachelor<\/span><\/a><span dir=\"ltr\"><a href=\"https:\/\/www.dr-randoll-institut.de\/wp-content\/uploads\/MariaFroetschel-Zusammenfassung-Bachelorthesis_Freigabe.pdf\" target=\"_blank\" rel=\"noopener\">-Thesis (PDF)<\/a>, Technische Hochschule Deggendorf; 2021<br \/>\n<\/span><\/li>\n<\/ul>\n<ul>\n<li>Timmermann, V.: Modeling and Simulation of Micro-Vibrations in Skeletal Muscle Cells. TU Kaiserslautern, FB Mathematik; 2014<\/li>\n<\/ul>\n<ul>\n<li>Simeon, B., Serban, R., Petzold, L.R.: <a href=\"https:\/\/www.dr-randoll-institut.de\/wp-content\/uploads\/macroscale_deformation_and_microvibration_skeletal_muscle_tissue.pdf\" target=\"_blank\" rel=\"noopener\">A Model of Macroscale Deformation and Microvibration in Skeletal Muscle Tissue<\/a><br \/>\nIn: Mathematical Modelling and Numerical Analysis (M2AN); 2009<\/li>\n<\/ul>\n<ul>\n<li>Pr\u00f6bster Ch.: Matrix-Rhythmus-Therapie nach Dr. Randoll, bei BKK Faber-Castell;<br \/>\n<a href=\"https:\/\/www.dr-randoll-institut.de\/wp-content\/uploads\/Zusammenfassung_Modellprojekt_MaRhyThe_Ein_Weg_zur_Schmerzfreiheit.pdf\" target=\"_blank\" rel=\"noopener\">Zusammenfassung der Daten aus dem Modellprojekt &#8220;Matrix-Rhythmus-Therapie nach Dr. Randoll &#8211; Ein Weg zur Schmerzfreiheit?&#8221; einschlie\u00dflich Erfassung der Nachhaltigkeit ein Jahr nach Abschlu\u00df<\/a> ; 2008<\/li>\n<\/ul>\n<ul>\n<li>Dietrich Felix: Ein Zwei-Skalen-Modell zur Simulation von Vibrationstherapien f\u00fcr die Skelettmuskulatur. Diplomarbeit Technische Universit\u00e4t M\u00fcnchen; Zentrum Mathematik; Lehrstuhl M2 f\u00fcr Numerische Mathematik. Prof. B. Simeon; M\u00fcnchen; Mai 2007<\/li>\n<\/ul>\n<ul>\n<li>J\u00e4ger A.: <a href=\"https:\/\/www.dr-randoll-institut.de\/wp-content\/uploads\/Zusammenfassung_Vergleichende-Studie-\u00fcber-MaRhyThe_AnneJaeger.pdf\" target=\"_blank\" rel=\"noopener\">Die tiefenwirksame, rhythmische Mikro-Extensionstechnik (Matrix-Rhythmus-Therapie) Physiologische und Physikalische Grundlagen der Anwendung<\/a><br \/>\nVon der Philosophischen Fakult\u00e4t der Universit\u00e4t Hannover zur Erlangung des grades einer Doktorin der Philosophie (Dr.phil) genehmigte Dissertation; 2006<\/li>\n<\/ul>\n<ul>\n<li>Thiemann Sabrina: Modellierung und numerische Simulation der Skelettmuskulatur.<br \/>\nDiplomarbeit Technische Universit\u00e4t M\u00fcnchen; Fakult\u00e4t f\u00fcr Mathematik; Lehrstuhl f\u00fcr Numerische Mathematik. Prof. B. Simeon; M\u00fcnchen; April 2006<\/li>\n<\/ul>\n<ul>\n<li>Albert L.: <a href=\"https:\/\/www.dr-randoll-institut.de\/wp-content\/uploads\/Zusammenfassung_Kostenrelation_MaRhyThe.pdf\" target=\"_blank\" rel=\"noopener\">Wirksamkeitsnachweis der Kosten-Relation des Einsatzes der Matrix-Rhythmus-Therapie in der Automobilindustrie am Beispiel der DaimlerChrysler AG am Standort Sindelfingen<\/a><br \/>\nDiplomarbeit zum Erlangen des Grades Diplom-Betriebswirt (FH); DIPLOMA-Fachhochschule Plauen \/ Vogtland; Januar 2006<\/li>\n<\/ul>\n<ul>\n<li>Petenyi A.: Oszillation der Quergestreiften Skelettmuskulatur w\u00e4hrend isometrischer Kontraktion &#8211; Abh\u00e4ngigkeit der Oszillationsqualit\u00e4t von der Gr\u00f6\u00dfe der Kraftentwicklung, Alter, Krankheit, Trainingszustand und weiteren Individualfaktoren<br \/>\nInaugural-Dissertation zur Erlangung der Doktorw\u00fcrde der Medizinischen Fakult\u00e4t der Friedrich-Alexander-Universit\u00e4t Erlangen-N\u00fcrnberg; 1998<\/li>\n<\/ul>\n<ul>\n<li>Lippold M.: Untersuchungen \u00fcber den Serumspiegel von Zink, Kupfer und Selen, sowie den Kupfer\/ Zink-Quotienten bei Patienten mit Mundh\u00f6hlenkarzinomen.<br \/>\nInaugural-Dissertation zur Erlangung der Doktorw\u00fcrde der Medizinischen Fakult\u00e4t der Friedrich-Alexander-Universit\u00e4t Erlangen-N\u00fcrnberg; Abteilung Mund-Kiefer-Gesichtschirurgie, Erlangen 1995<\/li>\n<\/ul>\n<ul>\n<li>Mielimonka M.: Zellversuche zur Wirksamkeit elektromagnetischer Felder.<br \/>\nDiplomarbeit Fachhochschulgang Elektrotechnik, Universit\u00e4t der Bundeswehr; Abteilung Elektronik und Radar, M\u00fcnchen 1995<\/li>\n<\/ul>\n","protected":false},"excerpt":{"rendered":"<p>Dissertation (Registrierungsnummer: BH0122001) Bewertung der Wirksamkeit der Matrix-Rhythmus-Therapie bei chronischen Unterschenkelgeschw\u00fcren: ein neuartiger Ansatz zur Wundheilung; Abteilung f\u00fcr Allgemeinchirurgie, Jawaharlal Nehru Medical College, Kaher, Belagavi, 590010, Karnataka, Juni\/Juli 2026 Friedericke Teichm\u00fcller: Welche Effekte k\u00f6nnen durch die Matrix-Rhythmus-Therapie\u00ae im Rahmen der Physiotherapie bei Menschen mit einer idiopathischen Lungenfibrose (IFP) erzielt werden Eine Einzelfallstudie, Hochschule Fresenius Frankfurt; [&hellip;]<\/p>\n","protected":false},"author":3,"featured_media":0,"parent":0,"menu_order":0,"comment_status":"closed","ping_status":"closed","template":"","meta":{"footnotes":""},"class_list":["post-359","page","type-page","status-publish","hentry"],"translation":{"provider":"WPGlobus","version":"3.0.2","language":"en","enabled_languages":["de","en"],"languages":{"de":{"title":true,"content":true,"excerpt":false},"en":{"title":true,"content":false,"excerpt":false}}},"_links":{"self":[{"href":"https:\/\/www.dr-randoll-institut.de\/en\/wp-json\/wp\/v2\/pages\/359","targetHints":{"allow":["GET"]}}],"collection":[{"href":"https:\/\/www.dr-randoll-institut.de\/en\/wp-json\/wp\/v2\/pages"}],"about":[{"href":"https:\/\/www.dr-randoll-institut.de\/en\/wp-json\/wp\/v2\/types\/page"}],"author":[{"embeddable":true,"href":"https:\/\/www.dr-randoll-institut.de\/en\/wp-json\/wp\/v2\/users\/3"}],"replies":[{"embeddable":true,"href":"https:\/\/www.dr-randoll-institut.de\/en\/wp-json\/wp\/v2\/comments?post=359"}],"version-history":[{"count":7,"href":"https:\/\/www.dr-randoll-institut.de\/en\/wp-json\/wp\/v2\/pages\/359\/revisions"}],"predecessor-version":[{"id":3722,"href":"https:\/\/www.dr-randoll-institut.de\/en\/wp-json\/wp\/v2\/pages\/359\/revisions\/3722"}],"wp:attachment":[{"href":"https:\/\/www.dr-randoll-institut.de\/en\/wp-json\/wp\/v2\/media?parent=359"}],"curies":[{"name":"wp","href":"https:\/\/api.w.org\/{rel}","templated":true}]}}