{"id":2863,"date":"2022-03-31T10:28:09","date_gmt":"2022-03-31T08:28:09","guid":{"rendered":"https:\/\/www.dr-randoll-institut.de\/?page_id=2863"},"modified":"2022-03-31T11:18:54","modified_gmt":"2022-03-31T09:18:54","slug":"bedingungen-fuer-seminar-programmteilnahme","status":"publish","type":"page","link":"https:\/\/www.dr-randoll-institut.de\/en\/bedingungen-fuer-seminar-programmteilnahme\/","title":{"rendered":"Bedingungen f\u00fcr Seminar\/Programmteilnahme"},"content":{"rendered":"\n<h4 class=\"wp-block-heading\">Vertragsschluss<\/h4>\n\n\n\n<p>Nach der Verf\u00fcgbarkeitspr\u00fcfung des von Ihnen gew\u00fcnschten Seminar-\/Programmtermins erhalten Sie per Email eine Rechnung f\u00fcr die \u00dcberweisung Ihrer Teilnahmegeb\u00fchr oder die Nachricht, dass eine Anmeldung nicht mehr m\u00f6glich ist. Die Anmeldebest\u00e4tigung samt Wegbeschreibung erfolgt nach dem Zahlungseingang. Der Vertrag kommt dadurch zustande, dass wir Ihre Seminar-\/Programmanmeldung durch die Anmeldebest\u00e4tigung annehmen.<\/p>\n\n\n\n<h4 class=\"wp-block-heading\">Kosten<\/h4>\n\n\n\n<p>1. Die Seminar-\/Programmteilnahme ist f\u00fcr den Kunden erst nach der Anmeldebest\u00e4tigung sowie dem Zahlungseingang der vollst\u00e4ndigen Kosten gesichert.<\/p>\n\n\n\n<p>2. F\u00e4llt ein Seminar-\/Programm ganz oder teilweise aus, wird der Kunde benachrichtigt. Die bereits geleisteten Zahlungen werden umgehend erstattet.<\/p>\n\n\n\n<h4 class=\"wp-block-heading\">Storno durch den Seminar-\/Programmteilnehmer<\/h4>\n\n\n\n<p>1. Eine Stornierung durch den Kunden nach der Seminar-\/Programmanmeldung bedarf der Schriftform.<br>2. Eine Stornierung der Teilnahme zu einem Seminar\/Programm im Inland (Deutschland) ist bis zwei Wochen vor Seminar-\/Programmbeginn kostenfrei m\u00f6glich. F\u00fcr Stornierungen 13 bis 3 Tage vor Seminarbeginn werden 20% der vereinbarten Teilnahmegeb\u00fchr f\u00e4llig. F\u00fcr Stornierungen ab dem 3. Tag vor Seminar-\/Programmbeginn werden dem Kunden die gesamten Kosten in Rechnung gestellt. Gleiches gilt bei nicht Wahrnehmung des Seminars\/Programms durch den Kunden. Eine nur zeitweise Teilnahme an Seminaren\/Programmen berechtigt nicht zur Kostenminderung.<br>3.  Eine Stornierung der Teilnahme zu einem Seminar\/Programm in Ausland ist bis vier Wochen vor Seminar-\/Programmbeginn kostenfrei m\u00f6glich. F\u00fcr Stornierungen 13 bis 3 Tage vor Seminarbeginn werden 50% der vereinbarten Teilnahmegeb\u00fchr f\u00e4llig. F\u00fcr Stornierungen ab dem 3. Tag vor Seminar-\/Programmbeginn werden dem Kunden die gesamten Kosten in Rechnung gestellt. Gleiches gilt bei nicht Wahrnehmung des Seminars\/Programms durch den Kunden. Eine nur zeitweise Teilnahme an Seminaren\/Programmen berechtigt nicht zur Kostenminderung. <br>4. Kann ein vom Kunden benannter Teilnehmer nicht an einem Seminar\/Programm teilnehmen, so kann der Kunde einen Ersatzteilnehmer benennen. Diese \u00c4nderung muss umgehend mitgeteilt werden.<\/p>\n\n\n\n<h4 class=\"wp-block-heading\">\u00c4nderungen des Programms<\/h4>\n\n\n\n<p>1. Eventuelle \u00c4nderungen behalten wir uns, auch kurzfristig, vor. Wenn eine zu geringe Teilnehmerzahl die wirtschaftliche Durchf\u00fchrung des Seminars\/Programms nicht erlaubt, behalten wir uns eine Absage oder Terminverschiebung des Seminars\/Programms vor. Das gilt auch bei Krankheit des Referenten, h\u00f6herer Gewalt oder sonstigen unvorhersehbaren Ereignissen.<br>2. Findet ein Seminar\/Programm nicht statt, wird der Kunde auf schnellstem Wege benachrichtigt. Bereits gezahlte Kosten werden in diesem Fall erstattet. Kann ein vom Kunden benannter Teilnehmer nach einer Ver\u00e4nderung unsererseits aufgrund dieser nicht mehr an dem gebuchten Seminar\/Programm teilnehmen, hat er das Recht auf die Seminar-\/Programmteilnahme zu einem anderen Zeitpunkt und\/oder an einem anderen Ort, soweit dies organisatorisch m\u00f6glich ist.<br>3. Weitergehende Anspr\u00fcche sind ausgeschlossen.<\/p>\n\n\n\n<h4 class=\"wp-block-heading\">Haftung<\/h4>\n\n\n\n<p>Im Fall von Seminar-\/Programmabsagen oder Terminverschiebungen ist Dr. Randoll Institut nicht zum Ersatz von Reise- und \u00dcbernachtungskosten sowie Arbeitsausfall verpflichtet. F\u00fcr mittelbare Sch\u00e4den, insbesondere entgangenen Gewinn oder Anspr\u00fcche Dritter wird nicht gehaftet. F\u00fcr erteilten Rat oder die Verwertung erworbener Kenntnisse wird keine Haftung \u00fcbernommen. Dr. Randoll Institut haftet nicht f\u00fcr Sch\u00e4den, die mittelbar oder unmittelbar durch die Durchf\u00fchrung eines Seminars oder eines Programms entstehen, es sei denn, dass diese Sch\u00e4den durch Dr. Randoll Institut vors\u00e4tzlich oder grob fahrl\u00e4ssig verursacht wurden. Die Haftungsbeschr\u00e4nkung gilt nicht, soweit eine zwingende Haftung f\u00fcr Dr. Randoll Institut besteht.<\/p>\n\n\n\n<h4 class=\"wp-block-heading\">Rechtswahl und Gerichtsstand<\/h4>\n\n\n\n<p>1. Es gilt deutsches Recht.<br>2. Gerichtsstand im Gesch\u00e4ftsverkehr mit Unternehmen ist F\u00fcrstenfeldbruck. Wir sind nach unserer Wahl auch berechtigt, am Sitz des Kunden zu klagen.<\/p>\n","protected":false},"excerpt":{"rendered":"<p>Vertragsschluss Nach der Verf\u00fcgbarkeitspr\u00fcfung des von Ihnen gew\u00fcnschten Seminar-\/Programmtermins erhalten Sie per Email eine Rechnung f\u00fcr die \u00dcberweisung Ihrer Teilnahmegeb\u00fchr oder die Nachricht, dass eine Anmeldung nicht mehr m\u00f6glich ist. Die Anmeldebest\u00e4tigung samt Wegbeschreibung erfolgt nach dem Zahlungseingang. Der Vertrag kommt dadurch zustande, dass wir Ihre Seminar-\/Programmanmeldung durch die Anmeldebest\u00e4tigung annehmen. Kosten 1. Die Seminar-\/Programmteilnahme [&hellip;]<\/p>\n","protected":false},"author":3,"featured_media":0,"parent":0,"menu_order":0,"comment_status":"closed","ping_status":"closed","template":"","meta":{"footnotes":""},"class_list":["post-2863","page","type-page","status-publish","hentry"],"translation":{"provider":"WPGlobus","version":"3.0.2","language":"en","enabled_languages":["de","en"],"languages":{"de":{"title":true,"content":true,"excerpt":false},"en":{"title":false,"content":false,"excerpt":false}}},"_links":{"self":[{"href":"https:\/\/www.dr-randoll-institut.de\/en\/wp-json\/wp\/v2\/pages\/2863","targetHints":{"allow":["GET"]}}],"collection":[{"href":"https:\/\/www.dr-randoll-institut.de\/en\/wp-json\/wp\/v2\/pages"}],"about":[{"href":"https:\/\/www.dr-randoll-institut.de\/en\/wp-json\/wp\/v2\/types\/page"}],"author":[{"embeddable":true,"href":"https:\/\/www.dr-randoll-institut.de\/en\/wp-json\/wp\/v2\/users\/3"}],"replies":[{"embeddable":true,"href":"https:\/\/www.dr-randoll-institut.de\/en\/wp-json\/wp\/v2\/comments?post=2863"}],"version-history":[{"count":2,"href":"https:\/\/www.dr-randoll-institut.de\/en\/wp-json\/wp\/v2\/pages\/2863\/revisions"}],"predecessor-version":[{"id":2866,"href":"https:\/\/www.dr-randoll-institut.de\/en\/wp-json\/wp\/v2\/pages\/2863\/revisions\/2866"}],"wp:attachment":[{"href":"https:\/\/www.dr-randoll-institut.de\/en\/wp-json\/wp\/v2\/media?parent=2863"}],"curies":[{"name":"wp","href":"https:\/\/api.w.org\/{rel}","templated":true}]}}