{"id":254,"date":"2015-10-01T16:49:52","date_gmt":"2015-10-01T14:49:52","guid":{"rendered":"https:\/\/www.dr-randoll-institut.de\/?page_id=254"},"modified":"2016-09-14T14:47:56","modified_gmt":"2016-09-14T12:47:56","slug":"tagungen-und-workshops","status":"publish","type":"page","link":"https:\/\/www.dr-randoll-institut.de\/en\/matrix-forschung\/chronik\/dgo-arbeitskreis\/tagungen-und-workshops\/","title":{"rendered":"Archiv: Tagungen und Workshops"},"content":{"rendered":"<p><a href=\"https:\/\/www.dr-randoll-institut.de\/wp-content\/uploads\/Matrix-Workshop.png\" data-rel=\"lightbox-image-0\" data-rl_title=\"\" data-rl_caption=\"\" title=\"\"><img loading=\"lazy\" decoding=\"async\" class=\"alignnone size-full wp-image-293\" src=\"https:\/\/www.dr-randoll-institut.de\/wp-content\/uploads\/Matrix-Workshop.png\" alt=\"Matrix-Workshop\" width=\"684\" height=\"225\" srcset=\"https:\/\/www.dr-randoll-institut.de\/wp-content\/uploads\/Matrix-Workshop.png 684w, https:\/\/www.dr-randoll-institut.de\/wp-content\/uploads\/Matrix-Workshop-100x33.png 100w, https:\/\/www.dr-randoll-institut.de\/wp-content\/uploads\/Matrix-Workshop-240x79.png 240w\" sizes=\"auto, (max-width: 684px) 100vw, 684px\" \/><\/a><\/p>\n<p>Von der Gr\u00fcndung des <a href=\"https:\/\/www.dr-randoll-institut.de\/matrix-forschung\/chronik\/dgo-arbeitskreis\/\" target=\"_blank\">Arbeitskreises Elektrophysiologie des Knochens<\/a> bis 2006 fanden 30. Tagungen zu unterschiedlichen Themen sowie Matrix-Workshops statt. Unten finden Sie eine Auflistung der Treffen und abgehandelten Themen sowie einige Programmausz\u00fcge des Arbeitskreises von der Gr\u00fcndung bis 2006.<\/p>\n<p>Als das Arbeitskreis seine Aktivit\u00e4ten eingestellt hat, wurden die Aktivit\u00e4ten u. a. in Form von wissenschaftlichen Kongressen in Matrix-Workshops integriert.\u00a0 Wenn Sie Interesse an aktuellen <a href=\"https:\/\/www.dr-randoll-institut.de\/veranstaltungen\/\" target=\"_blank\">Veranstaltungen<\/a> und <a href=\"https:\/\/www.dr-randoll-institut.de\/matrix-lehre\/qualifizierung-und-fortbildung\/\" target=\"_blank\">Workshops<\/a> haben, freuen wir uns.<\/p>\n<div class='content-column one_half'><div class=\"liste\">\n<p><strong>Gr\u00fcndungssitzung<\/strong><\/p>\n<p>Erlangen, 4. Dezember 1993<br \/>\nUniversit\u00e4t Erlangen; Abt. Mund-, Kiefer- und Gesichtschirurgie<\/p>\n<\/div>\n<div class=\"divider\"><\/div>\n<div class=\"liste\"><strong>Vortreffen<\/strong><\/div>\n<div class=\"liste\"><\/div>\n<div class=\"liste\">Saarbr\u00fccken, 7. Mai 1994<br \/>\nUniv. des Saarlandes; Fachbereich Biologie; Dr. U.Warnke<\/div>\n<div class=\"divider\"><\/div>\n<div class=\"liste\">\n<p><strong>2. Treffen<\/strong><\/p>\n<p>Erlangen, 27-28. Oktober 1994<br \/>\nGemeinsam mit dem interdisziplin\u00e4ren, internationalen Kolloquium &#8220;Symbiogenese-Karzinogenese&#8221; unter der Schirmherrschaft der International Society of Endocytobiology (ISE) im Fachbereich Pharmazeutische Biologie der Universit\u00e4t Erlangen-N\u00fcrnberg.<\/p>\n<\/div>\n<div class=\"divider\"><\/div>\n<div class=\"liste\">\n<p><strong>3. Treffen<\/strong><\/p>\n<p><strong>Thema: Elektrische und magnetische Mechanismen in der funktionellen Regulation des Knochens<\/strong><\/p>\n<p>9. Dezember 1994<br \/>\nCharit\u00e9, Berlin<\/p>\n<\/div>\n<div class=\"divider\"><\/div>\n<div class=\"liste\">\n<p><strong>4. Treffen<\/strong><\/p>\n<p><strong>Thema: Frequenzen, Rhythmen, Resonanzen und deren Bedeutung f\u00fcr die Osteologie<\/strong><\/p>\n<p>19. Mai 1995<br \/>\nSiemens-H\u00f6rsaal Abteilung f\u00fcr Unfallchirurgie, Univ. Erlangen<\/p>\n<\/div>\n<div class=\"divider\"><\/div>\n<div class=\"liste\">\n<p><strong>5. Treffen<\/strong><\/p>\n<p><strong>Thema: Nutrition &#8211; Gewebs-pH &#8211; Str\u00f6mungselektrizit\u00e4t &#8211; mechanischer Reiz<\/strong><\/p>\n<p>13. Oktober 1995<br \/>\nCharit\u00e9, Berlin<\/p>\n<\/div>\n<div class=\"divider\"><\/div>\n<div class=\"liste\">\n<p><strong>6. Tagung<\/strong><\/p>\n<p><strong>Thema: Biomechanik &#8211; Bioelektrizit\u00e4t &#8211; Stoffwechsel: Knochen und Muskel, mit einer allgemeinen Einf\u00fchrung von H. Genz \u00fcber \u201eSymmetrieprinzipien in den Naturwissenschaften<\/strong><\/p>\n<p>(Tagungsbericht: Osteologie Band 5, Heft 4 1996)<\/p>\n<p>10. Mai 1996<br \/>\nSiemens-H\u00f6rsaal, Abteilung f\u00fcr Unfallchirurgie, Univ. Erlangen<\/p>\n<\/div>\n<div class=\"divider\"><\/div>\n<div class=\"liste\">\n<p><strong>7. Tagung<\/strong><\/p>\n<p><strong>Thema: Sauerstoffradikale und Lipidperoxidation<\/strong><\/p>\n<p>17. Oktober 1996<br \/>\nSiemens-H\u00f6rsaal, Abteilung f\u00fcr Unfallchirurgie, Univ. Erlangen<\/p>\n<\/div>\n<div class=\"divider\"><\/div>\n<div class=\"liste\">\n<p><strong>8. Tagung<\/strong><\/p>\n<p><strong>Thema: Muskelkontraktilit\u00e4t \u2013 koordination und -kraft; Knochenimplantate und Biokompatibilit\u00e4t<\/strong><\/p>\n<p>18. April 1997<br \/>\nSiemens-H\u00f6rsaal, Abteilung f\u00fcr Unfallchirurgie, Univ. Erlangen<\/p>\n<\/div>\n<div class=\"divider\"><\/div>\n<div class=\"liste\">\n<p><strong>9. Tagung<\/strong><\/p>\n<p><strong>Thema: Onkologie Aktuell Hyperthermie in Klinik und Grundlagenforschung<\/strong><\/p>\n<p>19.-20. September 1997<br \/>\nLeonardis-Klinik Kornwestheim<\/p>\n<\/div>\n<div class=\"divider\"><\/div>\n<div class=\"liste\">\n<p><strong>10. Tagung<\/strong><\/p>\n<p><strong>Thema: Biophysikalische versus pharmakologische Zugriffe zur Osteoporosetherapie<\/strong><\/p>\n<p>8. Mai 1998<br \/>\nKlinik Dr. Jungbeck GmbH, Gr\u00fcnwald \/M\u00fcnchen in Kooperation mit Abteilung f\u00fcr Unfallchirurgie, Univ. Erlangen<\/p>\n<\/div>\n<div class=\"divider\"><\/div>\n<div class=\"liste\">\n<p><strong>11. Tagung<\/strong><\/p>\n<p><strong>Thema: Elektromechanik von Knochen und Gelenk \u2013 Voraussetzungen f\u00fcr eine rationale Trainingstherapie<\/strong><\/p>\n<p>4.-5. Dezember 1998<br \/>\nOlympiast\u00fctzpunkt Berlin; in Kooperation mit Matrix-Center F\u00fcrstenfeldbruck\/Puch und dem Medizinischen Dienst, Berlin, Abteilung Unfallchirurgie, Univ. Erlangen<\/p>\n<\/div>\n<div class=\"divider\"><\/div>\n<div class=\"liste\">\n<p><strong>12. Tagung<\/strong><\/p>\n<p><strong>Thema: Physikalische Einfl\u00fcsse auf Knochen-, Muskel- und Nervengewebe zur Zellsteuerung, Leisungssteigerung im Sport sowie Anpassung in der Raumfahrt<\/strong><\/p>\n<p>3.-4. Juni 1999<br \/>\nOrt: Fliegerhorst FFB; in Kooperation mit der Abteilung f\u00fcr Unfallchirurgie der Universit\u00e4t Erlangen,, der Offizierschule der Luftwaffe, F\u00fcrstenfeldbruck, dem Matrix-Center der Sportschule F\u00fcrstenfeldbruck\/Puch<\/p>\n<\/div>\n<div class=\"liste\">\n<p><strong>13. Tagung<\/strong><\/p>\n<p><strong>Thema: Osteoklastenfunktion in Abh\u00e4ngigkeit von pH-Milieu und Potentialprofil<\/strong><\/p>\n<p>29.Oktober 1999<br \/>\nInstitut f\u00fcr Molekularbiologie und Biochemie der FU Berlin<\/p>\n<\/div>\n<div class=\"divider\"><\/div>\n<div class=\"liste\">\n<p><strong>14. Tagung<\/strong><\/p>\n<p><strong>Thema: Extrem schwache Elektromagnetische Felder. Magnetfeld und Bindegewebsregulation<\/strong><\/p>\n<p>19.-20. Mai 2000<br \/>\nHumbold-Universit\u00e4t Berlin Charit\u00e9<\/p>\n<\/div>\n<div class=\"divider\"><\/div>\n<div class=\"liste\">\n<p><strong>15. Tagung mit Matrix-Workshop<\/strong><\/p>\n<p><strong>Thema: Skelettmuskulatur \u2013 bei Sporttraining, Pr\u00e4vention und Rehabilitation in Sport und Medizin<\/strong><\/p>\n<p>12.-15.Juni 2000<br \/>\nHotel Grida-Village Belek, Antalya T\u00fcrkei, in Kooperation mit der Abteilung f\u00fcr Unfallchirurgie der Universit\u00e4t Erlangen, dem Matrix-Center der Sportschule F\u00fcrstenfeldbruck\/Puch, der Akdeniz-Universit\u00e4t Antalya, Europ\u00e4ische Akademie f\u00fcr Biomedizin und Endozytotechnologie, Berlin<\/p>\n<\/div>\n<div class=\"divider\"><\/div>\n<div class=\"liste\">\n<p><strong>16. Tagung<\/strong><\/p>\n<p><strong>Thema: Neue Ans\u00e4tze zur Therapie oss\u00e4rer, artikul\u00e4rer sowie neuromuskul\u00e4rer Ver\u00e4nderungen durch \u201eSpastik&#8221; im Kindes- und Erwachsenenalter<\/strong><\/p>\n<p>1. Dezember 2001<br \/>\nM\u00fcnchen, Matrix-Center<\/p>\n<\/div>\n<div class=\"divider\"><\/div>\n<div class=\"liste\">\n<p><strong>17. Tagung mit Matrix-Workshop<\/strong><\/p>\n<p><strong>Thema: Wasser \u2013 Rhythmus-Struktur in Biomedizin und Natur<\/strong><\/p>\n<p>8-15. Juni 2001<br \/>\nClub Natura; Bafa-See n\u00f6rdl. Bodrum, T\u00fcrkei; in Kooperation mit Abt. f\u00fcr Unfallchirurgie Universit\u00e4t Erlangen; Europ. Akademie f\u00fcr Biomedizin und Endozytotechnologie, Berlin<\/p>\n<\/div>\n<div class=\"divider\"><\/div><\/div><div class='content-column one_half last_column'><div class=\"liste\">\n<p><strong>18. Tagung<\/strong><\/p>\n<p><strong>Thema: Therapie- und Trainingsstrategien orientiert an Rhythmen aus dem Blickwinkel aktueller Grundlagenforschung<\/strong><\/p>\n<p>22.-23. Februar 2002<br \/>\nUniversit\u00e4t Dresden MTZ in Kooperation mit Abt. f\u00fcr Unfallchirurgie Universit\u00e4t Erlangen; Europ\u00e4ische Akademie f\u00fcr Biomedizin und Endozytotechnologie, Berlin; Matrix-Center-Society<\/p>\n<\/div>\n<div class=\"divider\"><\/div>\n<div class=\"liste\">\n<p><strong>19. Tagung<\/strong><\/p>\n<p><strong>Thema: Physikalische Medizin heute und Hippokratische Medizin der Antike<\/strong><\/p>\n<p>25. Mai &#8211; 02. Juni 2002<br \/>\nClub Natura; Bafa-See n\u00f6rdl. Bodrum, T\u00fcrkei; in Kooperation mit Abt. f\u00fcr Unfallchirurgie Universit\u00e4t Erlangen; Europ\u00e4ische Akademie f\u00fcr Biomedizin und Endozytotechnologie, Berlin; Europ\u00e4ischer Heilb\u00e4derverband, Br\u00fcssel; Matrix-Center-Society(Bericht)<\/p>\n<\/div>\n<div class=\"divider\"><\/div>\n<div class=\"liste\">\n<p><strong>20. Tagung mit V.Matrix-Workshop<\/strong><\/p>\n<p><strong><a href=\"https:\/\/www.dr-randoll-institut.de\/wp-content\/uploads\/5er_Matrix-Workshop_20AK-Tagung_Bad_Griesbach_2002.pdf\" target=\"_blank\">Thema: Alternative, nicht medikament\u00f6se Behandlungskonzepte der Spastik bei Kindern und Erwachsenen<\/a><\/strong><\/p>\n<p>11. &#8211; 13. Oktober 2002<br \/>\nKWA Klinik Stift Rottal; Bad Griesbach; in Kooperation mit Abteilung f\u00fcr Unfallchirurgie, Universit\u00e4t Erlangen, Europ\u00e4ische Akademie f\u00fcr Biomedizin und Endozytotechnologie, Berlin; Europ\u00e4ischer Heilb\u00e4derverband, Br\u00fcssel; Matrix-Center-Society; KWA Klinik Stift Rottal; Bad Griesbach, Deutsche Multiple Sklerosegesellschaft, Ortsgruppe Passau<\/p>\n<\/div>\n<div class=\"divider\"><\/div>\n<div class=\"liste\">\n<p><strong>21. Tagung<\/strong><\/p>\n<p><strong>Thema: Osteoklast &#8211; Osteoblast &#8211; Zellbiologie<br \/>\nMethodische Probleme und elektrophysiologische Regulation<\/strong><\/p>\n<p>09. November 2002<br \/>\nInstitut f\u00fcr Molekularbiologie und Biochemie der Freien Universit\u00e4t Berlin<\/p>\n<\/div>\n<div class=\"divider\"><\/div>\n<div class=\"liste\">\n<p><strong>22. Tagung und VI. Matrix-Workshop<\/strong><\/p>\n<p><strong><a href=\"https:\/\/www.dr-randoll-institut.de\/wp-content\/uploads\/6er_Matrix-Workshop_22AK-Tagung_Bafasee_TR_2003.pdf\" target=\"_blank\">Thema: Zellbiologisches Prozessmanagement aus dem Blickwinkel der Physikalisch-Rehabilitativen-, Pr\u00e4ventiven- und Sportmedizin<\/a><\/strong><\/p>\n<p>24. &#8211; 31. Mai 2003<br \/>\nClub Natura; Bafa-See n\u00f6rdl. Bodrum, T\u00fcrkei; in Kooperation mit Abt. f\u00fcr Unfallchirurgie Universit\u00e4t Erlangen; Europ\u00e4ische Akademie f\u00fcr Biomedizin und Endozytotechnologie, Berlin; Europ\u00e4ischer Heilb\u00e4derverband, Br\u00fcssel; Matrix-Center-Society, Thomas-Wildey-Institut, M\u00fcnchen<\/p>\n<\/div>\n<div class=\"divider\"><\/div>\n<div class=\"liste\">\n<p><strong>23. AK und VII. Matrix-Workshop<\/strong><\/p>\n<p><strong>Thema: Pr\u00e4vention, Regeneration und Heilung im Profi-Sport. &#8220;Matrix-Rhythmus-Therapie&#8221; &#8211; Theorie und Praxis f\u00fcr Anwender<\/strong><\/p>\n<p>18. &#8211; 21.September 2003<br \/>\nHotel Sport; CH-7250 Klosters; Schweiz<\/p>\n<\/div>\n<div class=\"divider\"><\/div>\n<div class=\"liste\">\n<p><strong>24. Tagung und VIII. Matrix-Workshop<\/strong><\/p>\n<p><strong><a href=\"https:\/\/www.dr-randoll-institut.de\/wp-content\/uploads\/8er_Matrix-Workshop_24AK-Tagung_Bafasee_TR_2004.pdf\">Thema: Kolloidale Strukturen in Abh\u00e4ngigkeit von S\u00e4ure-Basen-, Mineral- und Temperaturhaushalt sowie physikalischer Reiztherapie<\/a><\/strong><\/p>\n<p>22. &#8211; 29. Mai 2004<br \/>\nClub Natura; Bafa-See n\u00f6rdl. Bodrum, T\u00fcrkei; in Kooperation mit Abt. f\u00fcr Unfallchirurgie Universit\u00e4t Erlangen; Europ\u00e4ische Akademie f\u00fcr Biomedizin und Endozytotechnologie, Berlin; Europ\u00e4ischer Heilb\u00e4derverband, Br\u00fcssel; Matrix-Center-Society, Thomas-Wildey-Institut, M\u00fcnchen<\/p>\n<\/div>\n<div class=\"divider\"><\/div>\n<div class=\"liste\">\n<p><strong>25. Tagung und IX. Matrix-Workshop<\/strong><\/p>\n<p><strong><a href=\"https:\/\/www.dr-randoll-institut.de\/wp-content\/uploads\/9er_Matrix-Workshop_25AK-Tagung_Klausenbach_2004.pdf\" target=\"_blank\">Thema: Muskulo-Skelettale Beschwerden<\/a><\/strong><\/p>\n<p>27. November 2004<br \/>\nRehabilitationsklinik Klausenbach der LVA-Klinik Baden-W\u00fcrttemberg, Fachklinik f\u00fcr Innere Medizin, Neurologie und Orthop\u00e4die, Schwerpunktklinik f\u00fcr Hirnfunktionsst\u00f6rungen (Memory-Klinik), Nordrach<\/p>\n<\/div>\n<div class=\"divider\"><\/div>\n<div class=\"liste\">\n<p><strong>26. Tagung und X. Matrix-Workshop<\/strong><\/p>\n<p><strong><a href=\"https:\/\/www.dr-randoll-institut.de\/wp-content\/uploads\/10er_Matrix-Workshop_26AK-Tagung_Bafasee_TR_2005.pdf\" target=\"_blank\">Thema: Die Geometrie von Zeitstrukturen (Rhythmen) und ihre Wechselwirkung mit lebenden, und nichtlebenden Raumstrukturen <\/a><\/strong><\/p>\n<p>The Geometry of Time-Pattern (Rhythms) and their Interaction with Living and Non-living Space-Pattern<\/p>\n<p>21. &#8211; 28. Mai 2005<br \/>\nClub Natura; Bafa-See n\u00f6rdl. Bodrum, T\u00fcrkei; in Kooperation mit Abt. f\u00fcr Unfallchirurgie Universit\u00e4t Erlangen; Europ\u00e4ische Akademie f\u00fcr Biomedizin und Endozytotechnologie, Berlin; Europ\u00e4ischer Heilb\u00e4derverband, Br\u00fcssel; Matrix-Center-Society, Thomas-Wildey-Institut, M\u00fcnchen<\/p>\n<\/div>\n<div class=\"divider\"><\/div>\n<div class=\"liste\">\n<p><strong>27. Tagung und XI. Matrix-Workshop<\/strong><\/p>\n<p><strong><a href=\"https:\/\/www.dr-randoll-institut.de\/wp-content\/uploads\/11er_MatrixWorkshop_27AK-Tagung_Elektrophysiologie_des_Knochens_2005.pdf\" target=\"_blank\">Thema: Siehe Programm<\/a><\/strong><\/p>\n<p>12. November 2005<br \/>\nRehabilitationsklinik Klausenbach der LVA-Klinik Baden-W\u00fcrttemberg, Fachklinik f\u00fcr Innere Medizin, Neurologie und Orthop\u00e4die, Schwerpunktklinik f\u00fcr Hirnfunktionsst\u00f6rungen (Memory-Klinik), Nordrach<\/p>\n<\/div>\n<div class=\"divider\"><\/div>\n<div class=\"liste\">\n<p><strong>28. Tagung und XII. Matrix-Workshop<\/strong><\/p>\n<p><strong><a href=\"https:\/\/www.dr-randoll-institut.de\/wp-content\/uploads\/12er_Matrix-Workshop_28AK-Tagung_Ischia_2006.pdf\" target=\"_blank\">Thema: Systemtherapeutische Ordnungsstrategien vor dem Hintergrund von Kneipp und moderner Physikalischer Medizin auf dem Boden aktueller Physik<\/a><\/strong><\/p>\n<p>30. September bis 07. Oktober 2006<br \/>\nTerme Giardini Poseidon (Poseidon-Thermen)<br \/>\nForio\/Ischia\/Italien<\/p>\n<\/div>\n<div class=\"divider\"><\/div>\n<div class=\"liste\">\n<p><strong>29. Tagung und XIII. Matrix-Workshop<\/strong><\/p>\n<p><strong><a href=\"https:\/\/www.dr-randoll-institut.de\/wp-content\/uploads\/13er_Workshop-29AK-Tagung-2006_Wien_Programm.pdf\" target=\"_blank\">Thema: Aktuelle Konzepte und Strategien in der neurologischen Pr\u00e4vention und Rehabilitation<\/a><\/strong><\/p>\n<p>01.April.2006<br \/>\nOrt: Neurologisches Rehabilitationszentrum (NRZ) Rosenh\u00fcgel, Wien<\/p>\n<\/div>\n<div class=\"divider\"><\/div>\n<div class=\"liste\">\n<p><strong>30. Tagung und XIV. Matrix-Workshop<\/strong><\/p>\n<p><strong><a href=\"https:\/\/www.dr-randoll-institut.de\/wp-content\/uploads\/14er_Matrix-Workshop_30AK-Tagung_Klausenbach_2006.pdf\" target=\"_blank\">Thema: Matrix-Regulation im Mittelpunkt der Ern\u00e4hrung, muskul\u00e4rer Rhythmik und Bewegung, im Rahmen osteologischer und neurologischer Rehabilitation<\/a><\/strong><\/p>\n<p>11. November 2006<br \/>\nRehabilitationsklinik Klausenbach der LVA-Klinik Baden-W\u00fcrttemberg, Fachklinik f\u00fcr Innere Medizin, Neurologie und Orthop\u00e4die, Schwerpunktklinik f\u00fcr Hirnfunktionsst\u00f6rungen (Memory-Klinik), Nordrach<\/p>\n<\/div><\/div><div class='clear_column'><\/div><\/p>\n","protected":false},"excerpt":{"rendered":"<p>Von der Gr\u00fcndung des Arbeitskreises Elektrophysiologie des Knochens bis 2006 fanden 30. Tagungen zu unterschiedlichen Themen sowie Matrix-Workshops statt. Unten finden Sie eine Auflistung der Treffen und abgehandelten Themen sowie einige Programmausz\u00fcge des Arbeitskreises von der Gr\u00fcndung bis 2006. Als das Arbeitskreis seine Aktivit\u00e4ten eingestellt hat, wurden die Aktivit\u00e4ten u. a. in Form von wissenschaftlichen [&hellip;]<\/p>\n","protected":false},"author":3,"featured_media":0,"parent":235,"menu_order":0,"comment_status":"closed","ping_status":"closed","template":"","meta":{"footnotes":""},"class_list":["post-254","page","type-page","status-publish","hentry"],"translation":{"provider":"WPGlobus","version":"3.0.2","language":"en","enabled_languages":["de","en"],"languages":{"de":{"title":true,"content":true,"excerpt":false},"en":{"title":false,"content":false,"excerpt":false}}},"_links":{"self":[{"href":"https:\/\/www.dr-randoll-institut.de\/en\/wp-json\/wp\/v2\/pages\/254","targetHints":{"allow":["GET"]}}],"collection":[{"href":"https:\/\/www.dr-randoll-institut.de\/en\/wp-json\/wp\/v2\/pages"}],"about":[{"href":"https:\/\/www.dr-randoll-institut.de\/en\/wp-json\/wp\/v2\/types\/page"}],"author":[{"embeddable":true,"href":"https:\/\/www.dr-randoll-institut.de\/en\/wp-json\/wp\/v2\/users\/3"}],"replies":[{"embeddable":true,"href":"https:\/\/www.dr-randoll-institut.de\/en\/wp-json\/wp\/v2\/comments?post=254"}],"version-history":[{"count":0,"href":"https:\/\/www.dr-randoll-institut.de\/en\/wp-json\/wp\/v2\/pages\/254\/revisions"}],"up":[{"embeddable":true,"href":"https:\/\/www.dr-randoll-institut.de\/en\/wp-json\/wp\/v2\/pages\/235"}],"wp:attachment":[{"href":"https:\/\/www.dr-randoll-institut.de\/en\/wp-json\/wp\/v2\/media?parent=254"}],"curies":[{"name":"wp","href":"https:\/\/api.w.org\/{rel}","templated":true}]}}