{"id":14,"date":"2011-05-04T14:20:44","date_gmt":"2011-05-04T14:20:44","guid":{"rendered":"https:\/\/www.dr-randoll-institut.de\/?page_id=14"},"modified":"2025-06-25T13:35:46","modified_gmt":"2025-06-25T11:35:46","slug":"impressum","status":"publish","type":"page","link":"https:\/\/www.dr-randoll-institut.de\/en\/impressum\/","title":{"rendered":"Website Credits"},"content":{"rendered":"<p>Dr. Randoll Institut<br \/>\nGemeinn\u00fctzige Gesellschaft f\u00fcr<br \/>\nMatrix-Forschung und -Lehre mbH<br \/>\n(Nonprofit Organization for Matrix Research and Education)<br \/>\nLortzingstra\u00dfe 26<br \/>\n81241 M\u00fcnchen<br \/>\nDeutschland<\/p>\n<p>Phone +49 (0)89 &#8211; 76 75 40 50<br \/>\nFax +49 (0)89 &#8211; 76 75 40 51<\/p>\n<p>Registration Court Munich \/ HRB 206115<\/p>\n<p>Managing directors:<br \/>\nDr. med. Ulrich G. Randoll<br \/>\nZeynep Tun\u00e7<\/p>\n<p>President\/Chief Scientific Officer:<br \/>\nDr. med. Ulrich G. Randoll<\/p>\n<p>Tax Payer\u2019s Account Number: 143\/237\/23231<\/p>\n<p>Responsible for contents:<br \/>\nDr. Randoll Institut gGmbH<\/p>\n<h2><\/h2>\n<h2>Picture credits<\/h2>\n<p>Web-Design &amp; Graphics: Carsten Abelbeck<br \/>\nTreatment photos: Tobias Tschepe<br \/>\nVideo microscopy: Dr. Ulrich med. Randoll<br \/>\nWorkshop photos: Dr. Ulrich med. Randoll<\/p>\n<p>Others:<br \/>\n\/matrix-forschung\/aktuelle-forschung\/: \u00a9 Stasique \/ Fotolia.com<br \/>\n\/grundlagen-fuer-die-marhythe\/: \u00a9 psdesign1, ead72, \/ Fotolia.com<br \/>\n\/veranstaltungen\/: \u00a9 kasto \/ Fotolia.com<br \/>\n\/foerderer-werden\/: \u00a9 ullrich \/ Fotolia.com<br \/>\n\/die-kombination-von-marhythe-spiraldynamik\/: \u00a9 Spiraldynamik AG<\/p>\n<h2><\/h2>\n<h2>Disclaimer<\/h2>\n<h2>1. Limitation of Liability<\/h2>\n<p>Contents of this Website While we use reasonable efforts to provide an accurate website we make no representations as to the accuracy, completeness and timelineness of the information. You use the service of this website at your own risk. The views of the authors, expressed in the papers for download on this website, are solely the authors\u2019 and not necessarily the opinion of our company.<\/p>\n<h3>Availability of the Website<\/h3>\n<p>We take care for an interrupted on-line service. Also at all care we can not exclude possible system downtimes. Our company reserves the right of changing or stopping the offers at any time. Information regarding<\/p>\n<h3>External Links<\/h3>\n<p>This website provides links to other websites (external links). We make no representation concerning \u2013 the respective operating company is reliable. Before the link was firstly made MaRhyThe-Systems had checked the contents of these pages in regard of infringement. At that time there was no obvious infringement. Our company has no influence on the current and future design and contents of the external links. The setting up of external links does not mean that our company adopts the link\u2019s contents as our own. A permanent control of the external links without any concrete reference to a determined right violation will not be possible for our webmaster. But if it is ascertained that a service, to which we provide a link, infringes upon a law the link to this site will be immediately removed.<\/p>\n<h3>Addresses<\/h3>\n<p>The addresses which can be found by selecting the menu item \u201cWhere to find a Matrix therapist?\u201d do not represent any acceptance by our company. This search function is just part of the on-line service of MaRhyThe-Systems, in order to assist the users with their search for a point of contact.<\/p>\n<h3>No contractual relationship<\/h3>\n<p>No contractual relationship takes place with the use of this website between the user and the company. Also no contractual or virtually contractual claims in this respect arise against MaRhyThe-Systems.<\/p>\n<h2>2. Copyright<\/h2>\n<p>The content published on this website is liable to the German copyright. Any utilisation not allowed by the German copyright requires the previous written consent of the providing company or the respective rights holder. This applies particularly to copy, processing, translation, one storage, processing or account of contents in databases or other electronic media and systems. Contents and contributions of third parties are labelled as such. The forbidden copy or passing on of single content or complete sites is not allowed and liable to prosecution. Merely the production of copies and downloads for personal, private and not commercial use is permitted.<\/p>\n<p>Links to the website are welcomely any time and do not require any consent of our company. The presentation of this website in strange frames is permitted only with permission.<\/p>\n<h2>3. Privacy<\/h2>\n<p>By the visit of the website of our company information about the access (name, time, sites) can be saved on the server. These dates are not part of the person-related data but are made anonymous. They are evaluated exclusively for statistical purposes. A passing on to third parties for commercial or noncommercial purposes does not take place. The author particularly points out that the data transmission can show security vulnerability (e.g. during the communication by e-mail) and be not completely protected from the access by third parties. The usage of the company\u2019s contact details for commercial advertising is undesirable unless we had assigned written consent before or there is already a business relationship. The company and all persons mentioned on this website hereby contradict any commercial use and passing on of their data.<\/p>\n<h2>4. Applicable Law<\/h2>\n<p>The substantial law of the Federal Republic of Germany is exclusively valid.<\/p>\n<h2>5. Special Terms of Usage<\/h2>\n<p>As far as special conditions for some users of this website of the aforementioned items 1 to 4 differ it is emphatically pointed out. In this case the special terms of usage are valid supplementarily in individual cases.<\/p>\n<div><span style=\"font-size: 9px;\">Source: :<a title=\"Source-Link\" href=\"http:\/\/www.juraforum.de\/\" target=\"_blank\" rel=\"noopener\"> Juraforum.de \u2013 Disclaimer, judgements, lawyers, laws &amp; encyclopedia<\/a> <\/span><\/div>\n<p>&nbsp;<\/p>\n","protected":false},"excerpt":{"rendered":"<p>Dr. Randoll Institut Gemeinn\u00fctzige Gesellschaft f\u00fcr Matrix-Forschung und -Lehre mbH (Nonprofit Organization for Matrix Research and Education) Lortzingstra\u00dfe 26 81241 M\u00fcnchen Deutschland Phone +49 (0)89 &#8211; 76 75 40 50 Fax +49 (0)89 &#8211; 76 75 40 51 Registration Court Munich \/ HRB 206115 Managing directors: Dr. med. Ulrich G. Randoll Zeynep Tun\u00e7 President\/Chief Scientific [&hellip;]<\/p>\n","protected":false},"author":1,"featured_media":0,"parent":0,"menu_order":12,"comment_status":"closed","ping_status":"closed","template":"","meta":{"footnotes":""},"class_list":["post-14","page","type-page","status-publish","hentry"],"translation":{"provider":"WPGlobus","version":"3.0.2","language":"en","enabled_languages":["de","en"],"languages":{"de":{"title":true,"content":true,"excerpt":false},"en":{"title":true,"content":true,"excerpt":false}}},"_links":{"self":[{"href":"https:\/\/www.dr-randoll-institut.de\/en\/wp-json\/wp\/v2\/pages\/14","targetHints":{"allow":["GET"]}}],"collection":[{"href":"https:\/\/www.dr-randoll-institut.de\/en\/wp-json\/wp\/v2\/pages"}],"about":[{"href":"https:\/\/www.dr-randoll-institut.de\/en\/wp-json\/wp\/v2\/types\/page"}],"author":[{"embeddable":true,"href":"https:\/\/www.dr-randoll-institut.de\/en\/wp-json\/wp\/v2\/users\/1"}],"replies":[{"embeddable":true,"href":"https:\/\/www.dr-randoll-institut.de\/en\/wp-json\/wp\/v2\/comments?post=14"}],"version-history":[{"count":8,"href":"https:\/\/www.dr-randoll-institut.de\/en\/wp-json\/wp\/v2\/pages\/14\/revisions"}],"predecessor-version":[{"id":3593,"href":"https:\/\/www.dr-randoll-institut.de\/en\/wp-json\/wp\/v2\/pages\/14\/revisions\/3593"}],"wp:attachment":[{"href":"https:\/\/www.dr-randoll-institut.de\/en\/wp-json\/wp\/v2\/media?parent=14"}],"curies":[{"name":"wp","href":"https:\/\/api.w.org\/{rel}","templated":true}]}}